{"id":15383,"date":"2023-04-28T11:31:54","date_gmt":"2023-04-28T09:31:54","guid":{"rendered":"https:\/\/mondicor.es\/?page_id=15383"},"modified":"2023-05-03T09:45:10","modified_gmt":"2023-05-03T07:45:10","slug":"mondicor","status":"publish","type":"page","link":"https:\/\/mondicor.es\/es\/mondicor\/","title":{"rendered":"Mondicor"},"content":{"rendered":"[vc_row][vc_column][vc_column_text]\n[\/vc_column_text][vc_column_text]\n<h1 style=\"text-align: center;\">Mondicor: Dise\u00f1o de joyas a tu medida<\/h1>\n<p style=\"text-align: center;\"><em>Expertos en la creaci\u00f3n personalizada <\/em><\/p>\n<p style=\"text-align: center;\">Descubre un cat\u00e1logo exclusivo de joyer\u00eda personalizada, anillos, brazaletes, collares y pendientes de alta calidad que destacan por sus <strong>dise\u00f1os \u00fanicos<\/strong> y ajustados a las expectativas de nuestros clientes, una variedad de colores vibrantes, <strong>t\u00e9cnicas de fabricaci\u00f3n m\u00e1s innovadoras<\/strong> y el uso de materiales seleccionados como oro ,diamantes naturales, creados y piedras semi preciosas para mostrar piezas que dan ese toque de elegancia, sofisticaci\u00f3n y estilo en cualquier ocasi\u00f3n y que son la nota distintiva de nuestro trabajo.<\/p>\n<p>&nbsp;<\/p>\n<p style=\"text-align: center;\"><img loading=\"lazy\" decoding=\"async\" class=\"alignnone wp-image-15437 size-full\" src=\"https:\/\/mondicor.es\/wp-content\/uploads\/2023\/05\/image_2023-05-02_13-57-54.png\" alt=\"\" width=\"1400\" height=\"350\" srcset=\"https:\/\/mondicor.es\/wp-content\/uploads\/2023\/05\/image_2023-05-02_13-57-54.png 1400w, https:\/\/mondicor.es\/wp-content\/uploads\/2023\/05\/image_2023-05-02_13-57-54-300x75.png 300w, https:\/\/mondicor.es\/wp-content\/uploads\/2023\/05\/image_2023-05-02_13-57-54-1024x256.png 1024w, https:\/\/mondicor.es\/wp-content\/uploads\/2023\/05\/image_2023-05-02_13-57-54-768x192.png 768w, https:\/\/mondicor.es\/wp-content\/uploads\/2023\/05\/image_2023-05-02_13-57-54-1170x293.png 1170w, https:\/\/mondicor.es\/wp-content\/uploads\/2023\/05\/image_2023-05-02_13-57-54-600x150.png 600w\" sizes=\"auto, (max-width: 1400px) 100vw, 1400px\" \/><\/p>\n[\/vc_column_text][\/vc_column][\/vc_row][vc_row full_width=&#8221;stretch_row&#8221; content_placement=&#8221;middle&#8221; css=&#8221;.vc_custom_1682670680579{padding-top: 20px !important;padding-bottom: 20px !important;}&#8221;][vc_column][vc_raw_html]JTNDZGl2JTIwc3R5bGUlM0QlMjJ0ZXh0LWFsaWduJTNBY2VudGVyJTNCJTIyJTNFJTBBJTNDaDIlM0UlQzIlQkZEZXNlYXMlMjB2ZXIlMjBudWVzdHJhJTIwY29sZWNjaSVDMyVCM24lM0YlM0MlMkZoMiUzRSUwQSUzQ3AlM0VTaSUyMGVzdCVDMyVBMXMlMjBpbnRlcmVzYWRvJTIwZW4lMjBjb25vY2VyJTIwbSVDMyVBMXMlMjBzb2JyZSUyMG51ZXN0cmElMjBtYXJjYSUyMHklMjBkaXNlJUMzJUIxbyUyMGRlJTIwam95YXMlMkMlMjBoYXolMjBjbGljJTIwZW4lMjBjYXQlQzMlQTFsb2dvJTIwcGFyYSUyMGRlc2NhcmdhcmxvLiUwQSUzQyUyRnAlM0UlMEElM0NwJTNFJTNDaSUzRSVDMiVBMVBpZXphcyUyMGRlJTIwam95ZXIlQzMlQURhJTIwcXVlJTIwcmVpbnZlbnRhbiUyMGVzdGlsb3MlMjElMjAlM0MlMkZpJTNFJTNDJTJGcCUzRSUwQSUzQyUyRmRpdiUzRQ==[\/vc_raw_html][\/vc_column][\/vc_row]\n","protected":false},"excerpt":{"rendered":"<p>[vc_row][vc_column][vc_column_text] [\/vc_column_text][vc_column_text] Mondicor: Dise\u00f1o de joyas a tu medida Expertos en la creaci\u00f3n personalizada Descubre un<\/p>\n","protected":false},"author":53,"featured_media":0,"parent":0,"menu_order":0,"comment_status":"closed","ping_status":"closed","template":"page-templates\/fullwidth.php","meta":{"footnotes":""},"class_list":["post-15383","page","type-page","status-publish","hentry"],"_links":{"self":[{"href":"https:\/\/mondicor.es\/es\/wp-json\/wp\/v2\/pages\/15383","targetHints":{"allow":["GET"]}}],"collection":[{"href":"https:\/\/mondicor.es\/es\/wp-json\/wp\/v2\/pages"}],"about":[{"href":"https:\/\/mondicor.es\/es\/wp-json\/wp\/v2\/types\/page"}],"author":[{"embeddable":true,"href":"https:\/\/mondicor.es\/es\/wp-json\/wp\/v2\/users\/53"}],"replies":[{"embeddable":true,"href":"https:\/\/mondicor.es\/es\/wp-json\/wp\/v2\/comments?post=15383"}],"version-history":[{"count":4,"href":"https:\/\/mondicor.es\/es\/wp-json\/wp\/v2\/pages\/15383\/revisions"}],"predecessor-version":[{"id":15439,"href":"https:\/\/mondicor.es\/es\/wp-json\/wp\/v2\/pages\/15383\/revisions\/15439"}],"wp:attachment":[{"href":"https:\/\/mondicor.es\/es\/wp-json\/wp\/v2\/media?parent=15383"}],"curies":[{"name":"wp","href":"https:\/\/api.w.org\/{rel}","templated":true}]}}