{"id":15193,"date":"2021-09-07T09:24:51","date_gmt":"2021-09-07T09:24:51","guid":{"rendered":"http:\/\/testdesarrollo.es\/mondicor\/?page_id=15193"},"modified":"2023-04-28T14:00:27","modified_gmt":"2023-04-28T12:00:27","slug":"sobre-nosotros","status":"publish","type":"page","link":"https:\/\/mondicor.es\/es\/sobre-nosotros\/","title":{"rendered":"Sobre nosotros"},"content":{"rendered":"[vc_row css=&#8221;.vc_custom_1535775257883{margin-bottom: 50px !important;}&#8221;][vc_column][vc_column_text css=&#8221;.vc_custom_1682683150162{margin-bottom: 0px !important;}&#8221;]\n<h1 style=\"text-align: center;\">\u00a1Conoce Mondicor!<\/h1>\n<h4 style=\"text-align: center;\"><em>M\u00e1s de 30 a\u00f1os fabricando para nuestro sector.<\/em><\/h4>\n<p style=\"text-align: center;\">Somos una empresa Espa\u00f1ola dedicada a la fabricaci\u00f3n y dise\u00f1o de joyas, abrimos nuestras puertas al mercado en 1991 en el distrito de joyer\u00eda m\u00e1s c\u00e9lebre de Europa, C\u00f3rdoba, Espa\u00f1a. La amplia experiencia de nuestros orfebres, las novedosas t\u00e9cnicas de dise\u00f1o y los altos est\u00e1ndares en la selecci\u00f3n de los materiales nos ha permitido posicionarnos en el mercado nacional e internacional como una referencia de estilo, creatividad y calidad.<\/p>\n[\/vc_column_text][vc_single_image image=&#8221;15194&#8243; img_size=&#8221;760&#215;309&#8243; alignment=&#8221;center&#8221; css=&#8221;.vc_custom_1682683078931{margin-top: 30px !important;margin-bottom: 40px !important;}&#8221;][vc_column_text css=&#8221;.vc_custom_1682683225970{margin-bottom: 0px !important;}&#8221;]\n<h2 style=\"text-align: center;\">Lo que hacemos<\/h2>\n<p style=\"text-align: center;\"><em>Amplia gama de piezas de joyeria <\/em><\/p>\n<p style=\"text-align: center;\">Contamos con una amplia gama de joyas que van desde anillos, pendientes, colgantes, collares y brazaletes creados por nuestros joyeros de la orfebrer\u00eda que trabajan con dedicaci\u00f3n y suma delicadeza para obtener los m\u00e1s finos acabados, incluso en los dise\u00f1os m\u00e1s exigentes y comerciales.<\/p>\n<p>&nbsp;<\/p>\n<h2 style=\"text-align: center;\">\u00a0 Como lo hacemos<\/h2>\n<p style=\"text-align: center;\"><em>M\u00e1s de 5000 l\u00edneas de dise\u00f1o <\/em><\/p>\n<p style=\"text-align: center;\">Fabricamos piezas en 8ct, 9ct, 10ct, 14ct, 18ct y 19ct con un dise\u00f1o, claridad y terminaci\u00f3n perfecta para satisfacer los requisitos y expectativas de nuestros clientes en distintos mercados.<\/p>\n<p>&nbsp;<\/p>\n<p>&nbsp;<\/p>\n<h2 style=\"text-align: center;\"><strong>RAZONES POR LAS QUE ELEGIR MONDICOR<\/strong><\/h2>\n<h3 style=\"text-align: center;\">Dise\u00f1os exclusivos<\/h3>\n<p style=\"text-align: center;\">Cada persona es \u00fanica y los accesorios que luce tambi\u00e9n, por lo que ofrecemos joyer\u00eda a medida con dise\u00f1os que resalten y sean \u00fanicos para nuestros clientes.<\/p>\n<h3 style=\"text-align: center;\">T\u00e9cnicas innovadoras<\/h3>\n<p style=\"text-align: center;\">Cuidamos cada detalle, utilizando la \u00faltima tecnolog\u00eda para obtener dise\u00f1os de joyas con el corte, el color y el acabado perfecto.<\/p>\n<h3 style=\"text-align: center;\">Alta calidad<\/h3>\n<p style=\"text-align: center;\">Cada una de nuestras piezas es fabricada con materiales de alta calidad y pedrer\u00eda selecta para asegurar su durabilidad.<\/p>\n[\/vc_column_text][\/vc_column][\/vc_row]\n","protected":false},"excerpt":{"rendered":"<p>[vc_row css=&#8221;.vc_custom_1535775257883{margin-bottom: 50px !important;}&#8221;][vc_column][vc_column_text css=&#8221;.vc_custom_1682683150162{margin-bottom: 0px !important;}&#8221;] \u00a1Conoce Mondicor! M\u00e1s de 30 a\u00f1os fabricando para nuestro<\/p>\n","protected":false},"author":1,"featured_media":0,"parent":0,"menu_order":0,"comment_status":"closed","ping_status":"closed","template":"","meta":{"footnotes":""},"class_list":["post-15193","page","type-page","status-publish","hentry"],"_links":{"self":[{"href":"https:\/\/mondicor.es\/es\/wp-json\/wp\/v2\/pages\/15193","targetHints":{"allow":["GET"]}}],"collection":[{"href":"https:\/\/mondicor.es\/es\/wp-json\/wp\/v2\/pages"}],"about":[{"href":"https:\/\/mondicor.es\/es\/wp-json\/wp\/v2\/types\/page"}],"author":[{"embeddable":true,"href":"https:\/\/mondicor.es\/es\/wp-json\/wp\/v2\/users\/1"}],"replies":[{"embeddable":true,"href":"https:\/\/mondicor.es\/es\/wp-json\/wp\/v2\/comments?post=15193"}],"version-history":[{"count":12,"href":"https:\/\/mondicor.es\/es\/wp-json\/wp\/v2\/pages\/15193\/revisions"}],"predecessor-version":[{"id":15431,"href":"https:\/\/mondicor.es\/es\/wp-json\/wp\/v2\/pages\/15193\/revisions\/15431"}],"wp:attachment":[{"href":"https:\/\/mondicor.es\/es\/wp-json\/wp\/v2\/media?parent=15193"}],"curies":[{"name":"wp","href":"https:\/\/api.w.org\/{rel}","templated":true}]}}